{"id":152,"date":"2022-02-09T00:24:45","date_gmt":"2022-02-09T00:24:45","guid":{"rendered":"https:\/\/www.kusadasirentcar.com\/?page_id=152"},"modified":"2022-03-01T11:30:22","modified_gmt":"2022-03-01T11:30:22","slug":"kiralik-arabalar","status":"publish","type":"page","link":"https:\/\/www.kusadasirentcar.com\/en\/kiralik-arabalar\/","title":{"rendered":"Cars"},"content":{"rendered":"<div data-elementor-type=\"wp-page\" data-elementor-id=\"152\" class=\"elementor elementor-152\">\n\t\t\t\t\t\t<section class=\"elementor-section elementor-top-section elementor-element elementor-element-35f743eb elementor-section-boxed elementor-section-height-default elementor-section-height-default\" data-id=\"35f743eb\" data-element_type=\"section\" data-e-type=\"section\">\n\t\t\t\t\t\t<div class=\"elementor-container elementor-column-gap-default\">\n\t\t\t\t\t<div class=\"elementor-column elementor-col-100 elementor-top-column elementor-element elementor-element-7a27f7a0\" data-id=\"7a27f7a0\" data-element_type=\"column\" data-e-type=\"column\">\n\t\t\t<div class=\"elementor-widget-wrap elementor-element-populated\">\n\t\t\t\t\t\t<div class=\"elementor-element elementor-element-46453c7 elementor-widget elementor-widget-text-editor\" data-id=\"46453c7\" data-element_type=\"widget\" data-e-type=\"widget\" data-widget_type=\"text-editor.default\">\n\t\t\t\t<div class=\"elementor-widget-container\">\n\t\t\t\t\t\t\t\t\t<p><span style=\"color: #ffffff;\">You can choose the rental cars in the list below and make a pre-booking instantly. To get information about our company <a href=\"https:\/\/www.kusadasirentcar.com\/en\/\">click here<\/a><a style=\"color: #ffffff;\" href=\"https:\/\/api.whatsapp.com\/send?phone=905331312385\">.<\/a><\/span><\/p>\t\t\t\t\t\t\t\t<\/div>\n\t\t\t\t<\/div>\n\t\t\t\t<div class=\"elementor-element elementor-element-d8c0feb elementor-widget elementor-widget-text-editor\" data-id=\"d8c0feb\" data-element_type=\"widget\" data-e-type=\"widget\" data-widget_type=\"text-editor.default\">\n\t\t\t\t<div class=\"elementor-widget-container\">\n\t\t\t\t\t\t\t\t\t<p><\/p>\n<div class=\"wp-block-media-text alignwide is-stacked-on-mobile\">\n<figure class=\"wp-block-media-text__media\"><img fetchpriority=\"high\" decoding=\"async\" data-recalc-dims=\"1\" class=\"alignnone wp-image-170 size-full\" src=\"https:\/\/i0.wp.com\/www.kusadasirentcar.com\/wp-content\/uploads\/2022\/02\/kisspng-renault-clio-car-2018-fiat-500-5afbad8f92fa51.620529441526443407602.png?resize=1170777&amp;ssl=1\" alt=\"Kiral\u0131k-arabalar-Renault Clio-kiralama\" width=\"1170\" height=\"777\" srcset=\"\" sizes=\"(max-width: 1170px) 100vw, 1170px\" data-srcset=\"\" \/><\/figure>\n<div class=\"wp-block-media-text__content\">\n<p><\/p>\n<figure class=\"wp-block-pullquote has-border-color has-white-border-color has-background\" style=\"background-color: #f7f9fc; border-style: solid;\">\n<blockquote>\n<p>Renault Clio <br \/>1.2 EDC ICON<\/p>\n<p><cite>All attention is always on it, because it is unique.<br \/>( Gasoline \/ Automatic )<\/cite><em><span style=\"text-decoration: underline; font-weight: normal;\"><cite>For reservation<\/cite><\/span><\/em><\/p>\n<\/blockquote>\n<\/figure>\n<p><\/p>\n<\/div>\n<\/div>\n<p class=\"is-content-justification-center is-layout-flex wp-container-core-buttons-is-layout-16018d1d wp-block-buttons-is-layout-flex\"><\/p>\n<div class=\"wp-block-media-text alignwide is-stacked-on-mobile\">\n<figure class=\"wp-block-media-text__media\"><img decoding=\"async\" data-recalc-dims=\"1\" class=\"alignnone wp-image-167 size-full\" src=\"https:\/\/i0.wp.com\/www.kusadasirentcar.com\/wp-content\/uploads\/2022\/02\/corolla.png?resize=1170777&amp;ssl=1\" alt=\"Kiral\u0131k-arabalar-Toyota-Corolla-kiralama\" width=\"1170\" height=\"777\" srcset=\"\" sizes=\"(max-width: 1170px) 100vw, 1170px\" data-srcset=\"\" \/><\/figure>\n<div class=\"wp-block-media-text__content\">\n<p><\/p>\n<figure class=\"wp-block-pullquote has-background\" style=\"background-color: #f7f9fc;\">\n<blockquote>\n<p>Toyota Corolla <br \/>1.6 VVTI Elegant<\/p>\n<p><cite>Discover the harmony between eye-catching looks and powerful performance.<br \/>( Gasoline \/ Manual )<\/cite><span style=\"text-decoration: underline;\"><em><cite><a href=\"https:\/\/api.whatsapp.com\/send?phone=905331312385\"><b>For reservation<\/b><\/a><\/cite><\/em><\/span><\/p>\n<\/blockquote>\n<\/figure>\n<p><\/p>\n<div class=\"wp-block-buttons is-layout-flex wp-block-buttons-is-layout-flex\">\n<p><\/p>\n<\/div>\n<p><\/p>\n<\/div>\n<\/div>\n<p><\/p>\n<hr class=\"wp-block-separator\" \/>\n<p><\/p>\n<div class=\"wp-block-media-text alignwide is-stacked-on-mobile\">\n<figure class=\"wp-block-media-text__media\"><img decoding=\"async\" data-recalc-dims=\"1\" height=\"680\" width=\"1024\" class=\"wp-image-168 size-full\" src=\"https:\/\/i0.wp.com\/www.kusadasirentcar.com\/wp-content\/uploads\/2022\/02\/EGEA.png?resize=1024680&amp;ssl=1\" alt=\"Fiat-Egea-kiralama\" srcset=\"\" sizes=\"(max-width: 1024px) 100vw, 1024px\" data-srcset=\"\" \/><\/figure>\n<div class=\"wp-block-media-text__content\">\n<p><\/p>\n<figure class=\"wp-block-pullquote has-background\" style=\"background-color: #f7f9fc;\">\n<blockquote>\n<p>Fiat Egea<br \/>1.3 Multijet<\/p>\n<p><cite>Strong Italian design, power, comfort, safety and performance<br \/>( Diesel \/ Manual )<br \/><span style=\"text-decoration: underline;\"><em><br \/><a href=\"https:\/\/api.whatsapp.com\/send?phone=905331312385\"><b>For reservation<\/b><\/a><\/em><\/span><\/cite><\/p>\n<\/blockquote>\n<\/figure>\n<div class=\"wp-block-buttons\">\n<p><\/p>\n<\/div>\n<p><\/p>\n<\/div>\n<\/div>\n<p><\/p>\n<hr class=\"wp-block-separator\" \/>\n<p><\/p>\n<div class=\"wp-block-media-text alignwide is-stacked-on-mobile\">\n<figure class=\"wp-block-media-text__media\"><img loading=\"lazy\" decoding=\"async\" data-recalc-dims=\"1\" class=\"alignnone wp-image-173 size-full\" src=\"https:\/\/i0.wp.com\/www.kusadasirentcar.com\/wp-content\/uploads\/2022\/02\/kisspng-volkswagen-polo-gti-car-volkswagen-passat-volkswag-volkswagen-polo-5b3973fc8429f5.8839816315304919005414.png?resize=1000600&amp;ssl=1\" alt=\"Kiral\u0131k arabalar\" width=\"1000\" height=\"600\" srcset=\"\" sizes=\"(max-width: 1000px) 100vw, 1000px\" data-srcset=\"\" \/><\/figure>\n<div class=\"wp-block-media-text__content\">\n<p><\/p>\n<figure class=\"wp-block-pullquote has-background\" style=\"background-color: #f7f9fc;\">\n<blockquote>\n<p>Volkswagen Polo<br \/>1.6 TDI Comfortline<\/p>\n<p><cite class=\"translation-block\">No matter how carefully you look, some are more than they seem.<\/cite><\/p>\n<p><a href=\"https:\/\/api.whatsapp.com\/send?phone=905331312385\"><b><u>For reservation<\/u><\/b><\/a><\/p>\n<\/blockquote>\n<\/figure>\n<p><\/p>\n<div class=\"wp-block-buttons is-content-justification-center is-layout-flex wp-container-core-buttons-is-layout-16018d1d wp-block-buttons-is-layout-flex\">\n<p><\/p>\n<\/div>\n<p><\/p>\n<\/div>\n<\/div>\n<p><\/p>\n<hr class=\"wp-block-separator\" \/>\n<p><\/p>\n<div class=\"wp-block-media-text alignwide is-stacked-on-mobile\">\n<figure class=\"wp-block-media-text__media\"><img loading=\"lazy\" decoding=\"async\" width=\"1000\" height=\"600\" data-recalc-dims=\"1\" class=\"wp-image-166 size-full\" src=\"https:\/\/i0.wp.com\/www.kusadasirentcar.com\/wp-content\/uploads\/2022\/02\/301.png?w=1170&amp;ssl=1\" alt=\"Peugeot-301-kiralama\" srcset=\"\" sizes=\"(max-width: 1000px) 100vw, 1000px\" data-srcset=\"\" \/><\/figure>\n<div class=\"wp-block-media-text__content\">\n<p><\/p>\n<figure class=\"wp-block-pullquote has-background\" style=\"background-color: #f7f9fc;\">\n<blockquote>\n<p>Peugeot 301<br \/>1.6 HDI Active<\/p>\n<p><cite class=\"translation-block\">All roads are yours with this vehicle where economy and comfort meet.<\/cite><span style=\"text-decoration: underline;\"><cite><a href=\"https:\/\/api.whatsapp.com\/send?phone=905331312385\"><b>For reservation<\/b><\/a><\/cite><\/span><\/p>\n<\/blockquote>\n<\/figure>\n<div class=\"wp-block-buttons\">\n<p><\/p>\n<\/div>\n<p><\/p>\n<\/div>\n<\/div>\n<p><!-- \/wp:media-text --><!-- wp:separator --><\/p>\n<hr class=\"wp-block-separator\" \/>\n<p><!-- \/wp:separator --><!-- wp:media-text {\"mediaId\":169,\"mediaLink\":\"https:\/\/www.kusadasirentcar.com\/araclarimiz\/fiat-fiorino\/\",\"mediaType\":\"image\"} --><\/p>\n<div class=\"wp-block-media-text alignwide is-stacked-on-mobile\">\n<figure class=\"wp-block-media-text__media\"><img loading=\"lazy\" decoding=\"async\" width=\"1000\" height=\"600\" data-recalc-dims=\"1\" class=\"wp-image-169 size-full\" src=\"https:\/\/i0.wp.com\/www.kusadasirentcar.com\/wp-content\/uploads\/2022\/02\/Fiat-Fiorino.png?w=1170&amp;ssl=1\" alt=\"Fiat-Fiorino-kiralama\" srcset=\"\" sizes=\"(max-width: 1000px) 100vw, 1000px\" data-srcset=\"\" \/><\/figure>\n<div class=\"wp-block-media-text__content\">\n<p><!-- wp:pullquote {\"style\":{\"color\":{\"background\":\"#f7f9fc\"}}} --><\/p>\n<figure class=\"wp-block-pullquote has-background\" style=\"background-color: #f7f9fc;\">\n<blockquote>\n<p>Fiat Fiorino 1.3 Multijet<\/p>\n<p><cite>The choice of those who know the job both at work and in daily life<br \/>( Diesel \/ Manual )<\/cite><\/p>\n<p><span style=\"text-decoration: underline;\"><a href=\"https:\/\/api.whatsapp.com\/send?phone=905331312385\"><b>For reservation<\/b><\/a><\/span><\/p>\n<\/blockquote>\n<\/figure>\n<p><!-- \/wp:pullquote --><!-- wp:buttons {\"layout\":{\"type\":\"flex\",\"justifyContent\":\"center\",\"orientation\":\"horizontal\"}} --><\/p>\n<div class=\"wp-block-buttons\">\n<p><!-- wp:button {\"textColor\":\"black\",\"style\":{\"color\":{\"background\":\"#f7f9fc\"}},\"className\":\"is-style-fill\"} --><\/p>\n<p>\u00a0<\/p>\n<p><!-- \/wp:button --><\/p>\n<\/div>\n<p><!-- \/wp:buttons --><\/p>\n<\/div>\n<\/div>\n<p><!-- \/wp:media-text --><!-- wp:buttons --><\/p>\n<div class=\"wp-block-buttons\"><!-- wp:button \/--><\/div>\n<p><!-- \/wp:buttons --><!-- wp:buttons --><\/p>\n<div class=\"wp-block-buttons\"><!-- wp:button \/--><\/div>\n<p><!-- \/wp:buttons --><!-- wp:paragraph --><\/p>\n<p><!-- \/wp:paragraph --><\/p>\t\t\t\t\t\t\t\t<\/div>\n\t\t\t\t<\/div>\n\t\t\t\t\t<\/div>\n\t\t<\/div>\n\t\t\t\t\t<\/div>\n\t\t<\/section>\n\t\t\t\t<section class=\"elementor-section elementor-top-section elementor-element elementor-element-df847a7 elementor-section-boxed elementor-section-height-default elementor-section-height-default\" data-id=\"df847a7\" data-element_type=\"section\" data-e-type=\"section\">\n\t\t\t\t\t\t<div class=\"elementor-container elementor-column-gap-default\">\n\t\t\t\t\t<div class=\"elementor-column elementor-col-100 elementor-top-column elementor-element elementor-element-dbf702e\" data-id=\"dbf702e\" data-element_type=\"column\" data-e-type=\"column\">\n\t\t\t<div class=\"elementor-widget-wrap elementor-element-populated\">\n\t\t\t\t\t\t<div class=\"elementor-element elementor-element-7489d64 elementor-widget elementor-widget-text-editor\" data-id=\"7489d64\" data-element_type=\"widget\" data-e-type=\"widget\" data-widget_type=\"text-editor.default\">\n\t\t\t\t<div class=\"elementor-widget-container\">\n\t\t\t\t\t\t\t\t\t<blockquote>\n<p><span style=\"color: #000000;\">You can have a look <a style=\"color: #000000;\" href=\"https:\/\/www.kusadasirentcar.com\/en\/category\/blog\/\">to our articles<\/a> for detailed information about rental cars<\/span><\/p>\n<\/blockquote>\t\t\t\t\t\t\t\t<\/div>\n\t\t\t\t<\/div>\n\t\t\t\t\t<\/div>\n\t\t<\/div>\n\t\t\t\t\t<\/div>\n\t\t<\/section>\n\t\t\t\t<\/div>","protected":false},"excerpt":{"rendered":"<p>A\u015fa\u011f\u0131daki listede hizmette bulunan kiral\u0131k arabalar i\u00e7in se\u00e7im yap\u0131p an\u0131nda \u00f6n rezervasyon yapt\u0131rabilirsiniz. \u015eirketimiz hakk\u0131nda bilgi almak i\u00e7in t\u0131klay\u0131n\u0131z. Peugeot 3011.6 HDI Active Ekonomi ve konforun bulu\u015ftu\u011fu bu ara\u00e7 ile t\u00fcm yollar sizin.( Dizel \/ Manuel )Rezervasyon \u0130\u00e7in Fiat Fiorino 1.3 Multijet Hem i\u015fte hem g\u00fcndelik hayatta i\u015fi bilenlerin tercihi.( Dizel \/ Manuel ) Rezervasyon [&hellip;]<\/p>\n","protected":false},"author":1,"featured_media":0,"parent":0,"menu_order":0,"comment_status":"closed","ping_status":"closed","template":"","meta":{"footnotes":""},"class_list":["post-152","page","type-page","status-publish","hentry"],"yoast_head":"<!-- This site is optimized with the Yoast SEO plugin v27.4 - https:\/\/yoast.com\/product\/yoast-seo-wordpress\/ -->\n<title>Kiral\u0131k Arabalar - Ara\u00e7lar\u0131m\u0131z - kusadasirentcar.com<\/title>\n<meta name=\"description\" content=\"Kusadasirentcar.com olarak filomuzda bulunan kiral\u0131k arabalar sayfam\u0131za buradan bakabilir, uygun fiyatlara ara\u00e7 kiralayabilirsiniz.\" \/>\n<meta name=\"robots\" content=\"index, follow, max-snippet:-1, max-image-preview:large, max-video-preview:-1\" \/>\n<link rel=\"canonical\" href=\"https:\/\/www.kusadasirentcar.com\/en\/kiralik-arabalar\/\" \/>\n<meta property=\"og:locale\" content=\"en_US\" \/>\n<meta property=\"og:type\" content=\"article\" \/>\n<meta property=\"og:title\" content=\"Kiral\u0131k Arabalar - Ara\u00e7lar\u0131m\u0131z - kusadasirentcar.com\" \/>\n<meta property=\"og:description\" content=\"Kusadasirentcar.com olarak filomuzda bulunan kiral\u0131k arabalar sayfam\u0131za buradan bakabilir, uygun fiyatlara ara\u00e7 kiralayabilirsiniz.\" \/>\n<meta property=\"og:url\" content=\"https:\/\/www.kusadasirentcar.com\/en\/kiralik-arabalar\/\" \/>\n<meta property=\"og:site_name\" content=\"kusadasirentcar.com\" \/>\n<meta property=\"article:publisher\" content=\"https:\/\/www.facebook.com\/profile.php?id=100077306427541\" \/>\n<meta property=\"article:modified_time\" content=\"2022-03-01T11:30:22+00:00\" \/>\n<meta property=\"og:image\" content=\"https:\/\/www.kusadasirentcar.com\/wp-content\/uploads\/2022\/02\/kisspng-renault-clio-car-2018-fiat-500-5afbad8f92fa51.620529441526443407602.png\" \/>\n<meta name=\"twitter:card\" content=\"summary_large_image\" \/>\n<meta name=\"twitter:site\" content=\"@Sirenarentacar\" \/>\n<meta name=\"twitter:label1\" content=\"Est. reading time\" \/>\n\t<meta name=\"twitter:data1\" content=\"3 minutes\" \/>\n<script type=\"application\/ld+json\" class=\"yoast-schema-graph\">{\"@context\":\"https:\\\/\\\/schema.org\",\"@graph\":[{\"@type\":\"WebPage\",\"@id\":\"https:\\\/\\\/www.kusadasirentcar.com\\\/kiralik-arabalar\\\/\",\"url\":\"https:\\\/\\\/www.kusadasirentcar.com\\\/kiralik-arabalar\\\/\",\"name\":\"Kiral\u0131k Arabalar - Ara\u00e7lar\u0131m\u0131z - kusadasirentcar.com\",\"isPartOf\":{\"@id\":\"https:\\\/\\\/www.kusadasirentcar.com\\\/#website\"},\"primaryImageOfPage\":{\"@id\":\"https:\\\/\\\/www.kusadasirentcar.com\\\/kiralik-arabalar\\\/#primaryimage\"},\"image\":{\"@id\":\"https:\\\/\\\/www.kusadasirentcar.com\\\/kiralik-arabalar\\\/#primaryimage\"},\"thumbnailUrl\":\"https:\\\/\\\/www.kusadasirentcar.com\\\/wp-content\\\/uploads\\\/2022\\\/02\\\/kisspng-renault-clio-car-2018-fiat-500-5afbad8f92fa51.620529441526443407602.png\",\"datePublished\":\"2022-02-09T00:24:45+00:00\",\"dateModified\":\"2022-03-01T11:30:22+00:00\",\"description\":\"Kusadasirentcar.com olarak filomuzda bulunan kiral\u0131k arabalar sayfam\u0131za buradan bakabilir, uygun fiyatlara ara\u00e7 kiralayabilirsiniz.\",\"breadcrumb\":{\"@id\":\"https:\\\/\\\/www.kusadasirentcar.com\\\/kiralik-arabalar\\\/#breadcrumb\"},\"inLanguage\":\"en-US\",\"potentialAction\":[{\"@type\":\"ReadAction\",\"target\":[\"https:\\\/\\\/www.kusadasirentcar.com\\\/kiralik-arabalar\\\/\"]}]},{\"@type\":\"ImageObject\",\"inLanguage\":\"en-US\",\"@id\":\"https:\\\/\\\/www.kusadasirentcar.com\\\/kiralik-arabalar\\\/#primaryimage\",\"url\":\"https:\\\/\\\/www.kusadasirentcar.com\\\/wp-content\\\/uploads\\\/2022\\\/02\\\/kisspng-renault-clio-car-2018-fiat-500-5afbad8f92fa51.620529441526443407602.png\",\"contentUrl\":\"https:\\\/\\\/www.kusadasirentcar.com\\\/wp-content\\\/uploads\\\/2022\\\/02\\\/kisspng-renault-clio-car-2018-fiat-500-5afbad8f92fa51.620529441526443407602.png\"},{\"@type\":\"BreadcrumbList\",\"@id\":\"https:\\\/\\\/www.kusadasirentcar.com\\\/kiralik-arabalar\\\/#breadcrumb\",\"itemListElement\":[{\"@type\":\"ListItem\",\"position\":1,\"name\":\"Anasayfa\",\"item\":\"https:\\\/\\\/www.kusadasirentcar.com\\\/\"},{\"@type\":\"ListItem\",\"position\":2,\"name\":\"Ara\u00e7lar\u0131m\u0131z\"}]},{\"@type\":\"WebSite\",\"@id\":\"https:\\\/\\\/www.kusadasirentcar.com\\\/#website\",\"url\":\"https:\\\/\\\/www.kusadasirentcar.com\\\/\",\"name\":\"kusadasirentcar.com\",\"description\":\"KUSADASIRENTCAR.COM\",\"publisher\":{\"@id\":\"https:\\\/\\\/www.kusadasirentcar.com\\\/#organization\"},\"potentialAction\":[{\"@type\":\"SearchAction\",\"target\":{\"@type\":\"EntryPoint\",\"urlTemplate\":\"https:\\\/\\\/www.kusadasirentcar.com\\\/?s={search_term_string}\"},\"query-input\":{\"@type\":\"PropertyValueSpecification\",\"valueRequired\":true,\"valueName\":\"search_term_string\"}}],\"inLanguage\":\"en-US\"},{\"@type\":\"Organization\",\"@id\":\"https:\\\/\\\/www.kusadasirentcar.com\\\/#organization\",\"name\":\"kusadasirentcar.com\",\"url\":\"https:\\\/\\\/www.kusadasirentcar.com\\\/\",\"logo\":{\"@type\":\"ImageObject\",\"inLanguage\":\"en-US\",\"@id\":\"https:\\\/\\\/www.kusadasirentcar.com\\\/#\\\/schema\\\/logo\\\/image\\\/\",\"url\":\"https:\\\/\\\/i0.wp.com\\\/www.kusadasirentcar.com\\\/wp-content\\\/uploads\\\/2022\\\/01\\\/cropped-Kusadasi-Rent-Png.png?fit=1305%2C381&ssl=1\",\"contentUrl\":\"https:\\\/\\\/i0.wp.com\\\/www.kusadasirentcar.com\\\/wp-content\\\/uploads\\\/2022\\\/01\\\/cropped-Kusadasi-Rent-Png.png?fit=1305%2C381&ssl=1\",\"width\":1305,\"height\":381,\"caption\":\"kusadasirentcar.com\"},\"image\":{\"@id\":\"https:\\\/\\\/www.kusadasirentcar.com\\\/#\\\/schema\\\/logo\\\/image\\\/\"},\"sameAs\":[\"https:\\\/\\\/www.facebook.com\\\/profile.php?id=100077306427541\",\"https:\\\/\\\/x.com\\\/Sirenarentacar\",\"https:\\\/\\\/www.instagram.com\\\/sirenarentacar\"]}]}<\/script>\n<!-- \/ Yoast SEO plugin. -->","yoast_head_json":{"title":"Kiral\u0131k Arabalar - Ara\u00e7lar\u0131m\u0131z - kusadasirentcar.com","description":"Kusadasirentcar.com olarak filomuzda bulunan kiral\u0131k arabalar sayfam\u0131za buradan bakabilir, uygun fiyatlara ara\u00e7 kiralayabilirsiniz.","robots":{"index":"index","follow":"follow","max-snippet":"max-snippet:-1","max-image-preview":"max-image-preview:large","max-video-preview":"max-video-preview:-1"},"canonical":"https:\/\/www.kusadasirentcar.com\/en\/kiralik-arabalar\/","og_locale":"en_US","og_type":"article","og_title":"Kiral\u0131k Arabalar - Ara\u00e7lar\u0131m\u0131z - kusadasirentcar.com","og_description":"Kusadasirentcar.com olarak filomuzda bulunan kiral\u0131k arabalar sayfam\u0131za buradan bakabilir, uygun fiyatlara ara\u00e7 kiralayabilirsiniz.","og_url":"https:\/\/www.kusadasirentcar.com\/en\/kiralik-arabalar\/","og_site_name":"kusadasirentcar.com","article_publisher":"https:\/\/www.facebook.com\/profile.php?id=100077306427541","article_modified_time":"2022-03-01T11:30:22+00:00","og_image":[{"url":"https:\/\/www.kusadasirentcar.com\/wp-content\/uploads\/2022\/02\/kisspng-renault-clio-car-2018-fiat-500-5afbad8f92fa51.620529441526443407602.png","type":"","width":"","height":""}],"twitter_card":"summary_large_image","twitter_site":"@Sirenarentacar","twitter_misc":{"Est. reading time":"3 minutes"},"schema":{"@context":"https:\/\/schema.org","@graph":[{"@type":"WebPage","@id":"https:\/\/www.kusadasirentcar.com\/kiralik-arabalar\/","url":"https:\/\/www.kusadasirentcar.com\/kiralik-arabalar\/","name":"Kiral\u0131k Arabalar - Ara\u00e7lar\u0131m\u0131z - kusadasirentcar.com","isPartOf":{"@id":"https:\/\/www.kusadasirentcar.com\/#website"},"primaryImageOfPage":{"@id":"https:\/\/www.kusadasirentcar.com\/kiralik-arabalar\/#primaryimage"},"image":{"@id":"https:\/\/www.kusadasirentcar.com\/kiralik-arabalar\/#primaryimage"},"thumbnailUrl":"https:\/\/www.kusadasirentcar.com\/wp-content\/uploads\/2022\/02\/kisspng-renault-clio-car-2018-fiat-500-5afbad8f92fa51.620529441526443407602.png","datePublished":"2022-02-09T00:24:45+00:00","dateModified":"2022-03-01T11:30:22+00:00","description":"Kusadasirentcar.com olarak filomuzda bulunan kiral\u0131k arabalar sayfam\u0131za buradan bakabilir, uygun fiyatlara ara\u00e7 kiralayabilirsiniz.","breadcrumb":{"@id":"https:\/\/www.kusadasirentcar.com\/kiralik-arabalar\/#breadcrumb"},"inLanguage":"en-US","potentialAction":[{"@type":"ReadAction","target":["https:\/\/www.kusadasirentcar.com\/kiralik-arabalar\/"]}]},{"@type":"ImageObject","inLanguage":"en-US","@id":"https:\/\/www.kusadasirentcar.com\/kiralik-arabalar\/#primaryimage","url":"https:\/\/www.kusadasirentcar.com\/wp-content\/uploads\/2022\/02\/kisspng-renault-clio-car-2018-fiat-500-5afbad8f92fa51.620529441526443407602.png","contentUrl":"https:\/\/www.kusadasirentcar.com\/wp-content\/uploads\/2022\/02\/kisspng-renault-clio-car-2018-fiat-500-5afbad8f92fa51.620529441526443407602.png"},{"@type":"BreadcrumbList","@id":"https:\/\/www.kusadasirentcar.com\/kiralik-arabalar\/#breadcrumb","itemListElement":[{"@type":"ListItem","position":1,"name":"Anasayfa","item":"https:\/\/www.kusadasirentcar.com\/"},{"@type":"ListItem","position":2,"name":"Ara\u00e7lar\u0131m\u0131z"}]},{"@type":"WebSite","@id":"https:\/\/www.kusadasirentcar.com\/#website","url":"https:\/\/www.kusadasirentcar.com\/","name":"kusadasirentcar.com","description":"KUSADASIRENTCAR.COM","publisher":{"@id":"https:\/\/www.kusadasirentcar.com\/#organization"},"potentialAction":[{"@type":"SearchAction","target":{"@type":"EntryPoint","urlTemplate":"https:\/\/www.kusadasirentcar.com\/?s={search_term_string}"},"query-input":{"@type":"PropertyValueSpecification","valueRequired":true,"valueName":"search_term_string"}}],"inLanguage":"en-US"},{"@type":"Organization","@id":"https:\/\/www.kusadasirentcar.com\/#organization","name":"kusadasirentcar.com","url":"https:\/\/www.kusadasirentcar.com\/","logo":{"@type":"ImageObject","inLanguage":"en-US","@id":"https:\/\/www.kusadasirentcar.com\/#\/schema\/logo\/image\/","url":"https:\/\/i0.wp.com\/www.kusadasirentcar.com\/wp-content\/uploads\/2022\/01\/cropped-Kusadasi-Rent-Png.png?fit=1305%2C381&ssl=1","contentUrl":"https:\/\/i0.wp.com\/www.kusadasirentcar.com\/wp-content\/uploads\/2022\/01\/cropped-Kusadasi-Rent-Png.png?fit=1305%2C381&ssl=1","width":1305,"height":381,"caption":"kusadasirentcar.com"},"image":{"@id":"https:\/\/www.kusadasirentcar.com\/#\/schema\/logo\/image\/"},"sameAs":["https:\/\/www.facebook.com\/profile.php?id=100077306427541","https:\/\/x.com\/Sirenarentacar","https:\/\/www.instagram.com\/sirenarentacar"]}]}},"jetpack_sharing_enabled":true,"_links":{"self":[{"href":"https:\/\/www.kusadasirentcar.com\/en\/wp-json\/wp\/v2\/pages\/152","targetHints":{"allow":["GET"]}}],"collection":[{"href":"https:\/\/www.kusadasirentcar.com\/en\/wp-json\/wp\/v2\/pages"}],"about":[{"href":"https:\/\/www.kusadasirentcar.com\/en\/wp-json\/wp\/v2\/types\/page"}],"author":[{"embeddable":true,"href":"https:\/\/www.kusadasirentcar.com\/en\/wp-json\/wp\/v2\/users\/1"}],"replies":[{"embeddable":true,"href":"https:\/\/www.kusadasirentcar.com\/en\/wp-json\/wp\/v2\/comments?post=152"}],"version-history":[{"count":50,"href":"https:\/\/www.kusadasirentcar.com\/en\/wp-json\/wp\/v2\/pages\/152\/revisions"}],"predecessor-version":[{"id":541,"href":"https:\/\/www.kusadasirentcar.com\/en\/wp-json\/wp\/v2\/pages\/152\/revisions\/541"}],"wp:attachment":[{"href":"https:\/\/www.kusadasirentcar.com\/en\/wp-json\/wp\/v2\/media?parent=152"}],"curies":[{"name":"wp","href":"https:\/\/api.w.org\/{rel}","templated":true}]}}